{"id":30,"date":"2024-01-16T14:42:49","date_gmt":"2024-01-16T14:42:49","guid":{"rendered":"https:\/\/inovacionirinor.eu\/?page_id=30"},"modified":"2024-01-16T15:19:55","modified_gmt":"2024-01-16T15:19:55","slug":"fokusi","status":"publish","type":"page","link":"https:\/\/inovacionirinor.eu\/index.php\/fokusi\/","title":{"rendered":"Fokusi"},"content":{"rendered":"<p>[vc_row][vc_column offset=&#8221;vc_hidden-sm vc_hidden-xs&#8221;][vc_row_inner content_placement=&#8221;middle&#8221;][vc_column_inner width=&#8221;1\/2&#8243;][vc_custom_heading text=&#8221;Kultura dhe Inovacioni&#8221; google_fonts=&#8221;font_family:Noto%20Sans%3Aregular%2Citalic%2C700%2C700italic|font_style:700%20bold%20regular%3A700%3Anormal&#8221;][vc_column_text]IRE ka si synim rritjen e pjes\u00ebmarrjes dhe impaktit kulturor, inovativ n\u00eb jet\u00ebn social-kulturore t\u00eb vendit p\u00ebr qytetar\u00ebt kudo ku ata kan\u00eb zgjedhur t\u00eb jetojn\u00eb n\u00ebp\u00ebrmjet aktivizimit social dhe aktiviteteve me impakt t\u00eb lart\u00eb shoq\u00ebror.[\/vc_column_text][\/vc_column_inner][vc_column_inner width=&#8221;1\/2&#8243;][vc_single_image image=&#8221;35&#8243; img_size=&#8221;large&#8221; alignment=&#8221;center&#8221;][\/vc_column_inner][\/vc_row_inner][vc_row_inner content_placement=&#8221;middle&#8221;][vc_column_inner width=&#8221;1\/2&#8243;][vc_single_image image=&#8221;38&#8243; img_size=&#8221;large&#8221; alignment=&#8221;center&#8221;][\/vc_column_inner][vc_column_inner width=&#8221;1\/2&#8243;][vc_custom_heading text=&#8221;Sport&#8221; google_fonts=&#8221;font_family:Noto%20Sans%3Aregular%2Citalic%2C700%2C700italic|font_style:700%20bold%20regular%3A700%3Anormal&#8221;][vc_column_text]Organizimi i aktiviteteve sportive t\u00eb ndryshme, skuadrave t\u00eb futbollit, krijime t\u00eb skuadrave t\u00eb grupmoshave t\u00eb ndryshme, nxitjen e t\u00eb rinjve drejt sportit[\/vc_column_text][\/vc_column_inner][\/vc_row_inner][vc_row_inner content_placement=&#8221;middle&#8221;][vc_column_inner width=&#8221;1\/2&#8243;][vc_custom_heading text=&#8221;Art&#8221; google_fonts=&#8221;font_family:Noto%20Sans%3Aregular%2Citalic%2C700%2C700italic|font_style:700%20bold%20regular%3A700%3Anormal&#8221;][vc_column_text]Mb\u00ebshtetje t\u00eb Artit dhe aktor\u00ebve n\u00eb formulimin e politikave zhvillimore, realizimin e reformave ekonomike, sociale,mjedisore dhe kulturore si dhe krijimin e nj\u00eb mjedisi ekononomik e shoq\u00ebror favorizues p\u00ebr zhvillimin dhe progresin e Artit.[\/vc_column_text][\/vc_column_inner][vc_column_inner width=&#8221;1\/2&#8243;][vc_single_image image=&#8221;40&#8243; img_size=&#8221;large&#8221; alignment=&#8221;center&#8221;][\/vc_column_inner][\/vc_row_inner][vc_row_inner content_placement=&#8221;middle&#8221;][vc_column_inner width=&#8221;1\/2&#8243;][vc_single_image image=&#8221;42&#8243; img_size=&#8221;large&#8221; alignment=&#8221;center&#8221;][\/vc_column_inner][vc_column_inner width=&#8221;1\/2&#8243;][vc_custom_heading text=&#8221;Evente \/ Trajnime&#8221; google_fonts=&#8221;font_family:Noto%20Sans%3Aregular%2Citalic%2C700%2C700italic|font_style:700%20bold%20regular%3A700%3Anormal&#8221;][vc_column_text]Organizimin e eventedhe dhe trajnimeve per integrimin e t\u00eb rinjve drejt njohjes s\u00eb ligjit ,shtetit t\u00eb s\u00eb drejt\u00ebs dhe procesin e integrimit Europian n\u00eb kuad\u00ebr t\u00eb kultur\u00ebs, sportit dhe inovacionit.[\/vc_column_text][\/vc_column_inner][\/vc_row_inner][vc_row_inner content_placement=&#8221;middle&#8221;][vc_column_inner width=&#8221;1\/2&#8243;][vc_custom_heading text=&#8221;Zhvillimi Rural&#8221; google_fonts=&#8221;font_family:Noto%20Sans%3Aregular%2Citalic%2C700%2C700italic|font_style:700%20bold%20regular%3A700%3Anormal&#8221;][vc_column_text]Hartimi, organizimi,zbatimi dhe menaxhimi i programeve, projekteve,studimeve dhe analizave t\u00eb menaxhimit n\u00eb favor t\u00eb zhvillimit ekonomik,social,mjedisor, kulturor t\u00eb zonave rurale dhe urbane brenda territorit t\u00eb Shqip\u00ebris\u00eb.[\/vc_column_text][\/vc_column_inner][vc_column_inner width=&#8221;1\/2&#8243;][vc_single_image image=&#8221;44&#8243; img_size=&#8221;large&#8221; alignment=&#8221;center&#8221;][\/vc_column_inner][\/vc_row_inner][vc_row_inner content_placement=&#8221;middle&#8221;][vc_column_inner width=&#8221;1\/2&#8243;][vc_single_image image=&#8221;46&#8243; img_size=&#8221;large&#8221; alignment=&#8221;center&#8221;][\/vc_column_inner][vc_column_inner width=&#8221;1\/2&#8243;][vc_custom_heading text=&#8221;Rinia n\u00eb Bujq\u00ebsi&#8221; google_fonts=&#8221;font_family:Noto%20Sans%3Aregular%2Citalic%2C700%2C700italic|font_style:700%20bold%20regular%3A700%3Anormal&#8221;][vc_column_text]Organizimi i fushatave,trajnimeve dhe komponent\u00ebve t\u00eb ndrysh\u00ebm p\u00ebr fuqizimin dhe rritjen e pjes\u00ebmarrjes tek t\u00eb rinjt\u00eb n\u00eb sektorin e bujq\u00ebsis\u00eb dhe zhvillimit rural.[\/vc_column_text][\/vc_column_inner][\/vc_row_inner][\/vc_column][\/vc_row][vc_row][vc_column offset=&#8221;vc_hidden-lg vc_hidden-md&#8221;][vc_row_inner content_placement=&#8221;middle&#8221;][vc_column_inner width=&#8221;1\/2&#8243;][vc_custom_heading text=&#8221;Kultura dhe Inovacioni&#8221; google_fonts=&#8221;font_family:Noto%20Sans%3Aregular%2Citalic%2C700%2C700italic|font_style:700%20bold%20regular%3A700%3Anormal&#8221;][vc_column_text]IRE ka si synim rritjen e pjes\u00ebmarrjes dhe impaktit kulturor, inovativ n\u00eb jet\u00ebn social-kulturore t\u00eb vendit p\u00ebr qytetar\u00ebt kudo ku ata kan\u00eb zgjedhur t\u00eb jetojn\u00eb n\u00ebp\u00ebrmjet aktivizimit social dhe aktiviteteve me impakt t\u00eb lart\u00eb shoq\u00ebror.[\/vc_column_text][\/vc_column_inner][vc_column_inner width=&#8221;1\/2&#8243;][vc_single_image image=&#8221;35&#8243; img_size=&#8221;large&#8221; alignment=&#8221;center&#8221;][\/vc_column_inner][\/vc_row_inner][vc_row_inner content_placement=&#8221;middle&#8221;][vc_column_inner width=&#8221;1\/2&#8243;][vc_custom_heading text=&#8221;Sport&#8221; google_fonts=&#8221;font_family:Noto%20Sans%3Aregular%2Citalic%2C700%2C700italic|font_style:700%20bold%20regular%3A700%3Anormal&#8221;][vc_column_text]Organizimi i aktiviteteve sportive t\u00eb ndryshme, skuadrave t\u00eb futbollit, krijime t\u00eb skuadrave t\u00eb grupmoshave t\u00eb ndryshme, nxitjen e t\u00eb rinjve drejt sportit[\/vc_column_text][\/vc_column_inner][vc_column_inner width=&#8221;1\/2&#8243;][vc_single_image image=&#8221;38&#8243; img_size=&#8221;large&#8221; alignment=&#8221;center&#8221;][\/vc_column_inner][\/vc_row_inner][vc_row_inner content_placement=&#8221;middle&#8221;][vc_column_inner width=&#8221;1\/2&#8243;][vc_custom_heading text=&#8221;Art&#8221; google_fonts=&#8221;font_family:Noto%20Sans%3Aregular%2Citalic%2C700%2C700italic|font_style:700%20bold%20regular%3A700%3Anormal&#8221;][vc_column_text]Mb\u00ebshtetje t\u00eb Artit dhe aktor\u00ebve n\u00eb formulimin e politikave zhvillimore, realizimin e reformave ekonomike, sociale,mjedisore dhe kulturore si dhe krijimin e nj\u00eb mjedisi ekononomik e shoq\u00ebror favorizues p\u00ebr zhvillimin dhe progresin e Artit.[\/vc_column_text][\/vc_column_inner][vc_column_inner width=&#8221;1\/2&#8243;][vc_single_image image=&#8221;40&#8243; img_size=&#8221;large&#8221; alignment=&#8221;center&#8221;][\/vc_column_inner][\/vc_row_inner][vc_row_inner content_placement=&#8221;middle&#8221;][vc_column_inner width=&#8221;1\/2&#8243;][vc_custom_heading text=&#8221;Evente \/ Trajnime&#8221; google_fonts=&#8221;font_family:Noto%20Sans%3Aregular%2Citalic%2C700%2C700italic|font_style:700%20bold%20regular%3A700%3Anormal&#8221;][vc_column_text]Organizimin e eventedhe dhe trajnimeve per integrimin e t\u00eb rinjve drejt njohjes s\u00eb ligjit ,shtetit t\u00eb s\u00eb drejt\u00ebs dhe procesin e integrimit Europian n\u00eb kuad\u00ebr t\u00eb kultur\u00ebs, sportit dhe inovacionit.[\/vc_column_text][\/vc_column_inner][vc_column_inner width=&#8221;1\/2&#8243;][vc_single_image image=&#8221;42&#8243; img_size=&#8221;large&#8221; alignment=&#8221;center&#8221;][\/vc_column_inner][\/vc_row_inner][vc_row_inner content_placement=&#8221;middle&#8221;][vc_column_inner width=&#8221;1\/2&#8243;][vc_custom_heading text=&#8221;Zhvillimi Rural&#8221; google_fonts=&#8221;font_family:Noto%20Sans%3Aregular%2Citalic%2C700%2C700italic|font_style:700%20bold%20regular%3A700%3Anormal&#8221;][vc_column_text]Hartimi, organizimi,zbatimi dhe menaxhimi i programeve, projekteve,studimeve dhe analizave t\u00eb menaxhimit n\u00eb favor t\u00eb zhvillimit ekonomik,social,mjedisor, kulturor t\u00eb zonave rurale dhe urbane brenda territorit t\u00eb Shqip\u00ebris\u00eb.[\/vc_column_text][\/vc_column_inner][vc_column_inner width=&#8221;1\/2&#8243;][vc_single_image image=&#8221;44&#8243; img_size=&#8221;large&#8221; alignment=&#8221;center&#8221;][\/vc_column_inner][\/vc_row_inner][vc_row_inner content_placement=&#8221;middle&#8221;][vc_column_inner width=&#8221;1\/2&#8243;][vc_custom_heading text=&#8221;Rinia n\u00eb Bujq\u00ebsi&#8221; google_fonts=&#8221;font_family:Noto%20Sans%3Aregular%2Citalic%2C700%2C700italic|font_style:700%20bold%20regular%3A700%3Anormal&#8221;][vc_column_text]Organizimi i fushatave,trajnimeve dhe komponent\u00ebve t\u00eb ndrysh\u00ebm p\u00ebr fuqizimin dhe rritjen e pjes\u00ebmarrjes tek t\u00eb rinjt\u00eb n\u00eb sektorin e bujq\u00ebsis\u00eb dhe zhvillimit rural.[\/vc_column_text][\/vc_column_inner][vc_column_inner width=&#8221;1\/2&#8243;][vc_single_image image=&#8221;46&#8243; img_size=&#8221;large&#8221; alignment=&#8221;center&#8221;][\/vc_column_inner][\/vc_row_inner][\/vc_column][\/vc_row]<\/p>\n","protected":false},"excerpt":{"rendered":"<p>[vc_row][vc_column offset=&#8221;vc_hidden-sm vc_hidden-xs&#8221;][vc_row_inner content_placement=&#8221;middle&#8221;][vc_column_inner width=&#8221;1\/2&#8243;][vc_custom_heading text=&#8221;Kultura dhe Inovacioni&#8221; google_fonts=&#8221;font_family:Noto%20Sans%3Aregular%2Citalic%2C700%2C700italic|font_style:700%20bold%20regular%3A700%3Anormal&#8221;][vc_column_text]IRE ka si synim rritjen e pjes\u00ebmarrjes dhe impaktit kulturor, inovativ n\u00eb jet\u00ebn social-kulturore t\u00eb vendit p\u00ebr qytetar\u00ebt kudo ku ata kan\u00eb &hellip; <br \/><a href=\"https:\/\/inovacionirinor.eu\/index.php\/fokusi\/\" class=\"more-link\">Continue reading <span class=\"screen-reader-text\">Fokusi<\/span><\/a><\/p>\n","protected":false},"author":1,"featured_media":0,"parent":0,"menu_order":0,"comment_status":"closed","ping_status":"closed","template":"","meta":{"footnotes":""},"class_list":["post-30","page","type-page","status-publish","hentry"],"_links":{"self":[{"href":"https:\/\/inovacionirinor.eu\/index.php\/wp-json\/wp\/v2\/pages\/30","targetHints":{"allow":["GET"]}}],"collection":[{"href":"https:\/\/inovacionirinor.eu\/index.php\/wp-json\/wp\/v2\/pages"}],"about":[{"href":"https:\/\/inovacionirinor.eu\/index.php\/wp-json\/wp\/v2\/types\/page"}],"author":[{"embeddable":true,"href":"https:\/\/inovacionirinor.eu\/index.php\/wp-json\/wp\/v2\/users\/1"}],"replies":[{"embeddable":true,"href":"https:\/\/inovacionirinor.eu\/index.php\/wp-json\/wp\/v2\/comments?post=30"}],"version-history":[{"count":12,"href":"https:\/\/inovacionirinor.eu\/index.php\/wp-json\/wp\/v2\/pages\/30\/revisions"}],"predecessor-version":[{"id":61,"href":"https:\/\/inovacionirinor.eu\/index.php\/wp-json\/wp\/v2\/pages\/30\/revisions\/61"}],"wp:attachment":[{"href":"https:\/\/inovacionirinor.eu\/index.php\/wp-json\/wp\/v2\/media?parent=30"}],"curies":[{"name":"wp","href":"https:\/\/api.w.org\/{rel}","templated":true}]}}